{"id":1060,"date":"2023-06-08T15:44:39","date_gmt":"2023-06-08T13:44:39","guid":{"rendered":"https:\/\/exceliam.com\/ressourceshumaines\/?page_id=1060"},"modified":"2023-07-07T15:51:54","modified_gmt":"2023-07-07T13:51:54","slug":"accueil","status":"publish","type":"page","link":"https:\/\/exceliam.com\/ressourceshumaines\/accueil\/","title":{"rendered":"Accueil"},"content":{"rendered":"\t\t<div data-elementor-type=\"wp-page\" data-elementor-id=\"1060\" class=\"elementor elementor-1060\" data-elementor-post-type=\"page\">\n\t\t\t\t\t\t<section class=\"elementor-section elementor-top-section elementor-element elementor-element-1cd85d7 elementor-section-height-min-height elementor-section-boxed elementor-section-height-default elementor-section-items-middle wpr-particle-no wpr-jarallax-no wpr-parallax-no wpr-sticky-section-no\" data-id=\"1cd85d7\" data-element_type=\"section\" data-settings=\"{&quot;background_background&quot;:&quot;classic&quot;,&quot;_ha_eqh_enable&quot;:false}\">\n\t\t\t\t\t\t<div class=\"elementor-container elementor-column-gap-default\">\n\t\t\t\t\t<div class=\"elementor-column elementor-col-100 elementor-top-column elementor-element elementor-element-6aa2e61\" data-id=\"6aa2e61\" data-element_type=\"column\">\n\t\t\t<div class=\"elementor-widget-wrap elementor-element-populated\">\n\t\t\t\t\t\t<div class=\"elementor-element elementor-element-01966f7 elementor-widget elementor-widget-spacer\" data-id=\"01966f7\" data-element_type=\"widget\" data-widget_type=\"spacer.default\">\n\t\t\t\t<div class=\"elementor-widget-container\">\n\t\t\t\t\t<div class=\"elementor-spacer\">\n\t\t\t<div class=\"elementor-spacer-inner\"><\/div>\n\t\t<\/div>\n\t\t\t\t<\/div>\n\t\t\t\t<\/div>\n\t\t\t\t<div class=\"elementor-element elementor-element-4a86bec elementor-widget elementor-widget-heading\" data-id=\"4a86bec\" data-element_type=\"widget\" data-widget_type=\"heading.default\">\n\t\t\t\t<div class=\"elementor-widget-container\">\n\t\t\t<h2 class=\"elementor-heading-title elementor-size-default\">Vous \u00eates un candidat ?<\/h2>\t\t<\/div>\n\t\t\t\t<\/div>\n\t\t\t\t<div class=\"elementor-element elementor-element-f349608 elementor-widget elementor-widget-spacer\" data-id=\"f349608\" data-element_type=\"widget\" data-widget_type=\"spacer.default\">\n\t\t\t\t<div class=\"elementor-widget-container\">\n\t\t\t\t\t<div class=\"elementor-spacer\">\n\t\t\t<div class=\"elementor-spacer-inner\"><\/div>\n\t\t<\/div>\n\t\t\t\t<\/div>\n\t\t\t\t<\/div>\n\t\t\t\t\t<\/div>\n\t\t<\/div>\n\t\t\t\t\t<\/div>\n\t\t<\/section>\n\t\t\t\t<section class=\"elementor-section elementor-top-section elementor-element elementor-element-0fa9f27 elementor-section-boxed elementor-section-height-default elementor-section-height-default wpr-particle-no wpr-jarallax-no wpr-parallax-no wpr-sticky-section-no\" data-id=\"0fa9f27\" data-element_type=\"section\" data-settings=\"{&quot;_ha_eqh_enable&quot;:false}\">\n\t\t\t\t\t\t<div class=\"elementor-container elementor-column-gap-default\">\n\t\t\t\t\t<div class=\"elementor-column elementor-col-100 elementor-top-column elementor-element elementor-element-c80cfb9\" data-id=\"c80cfb9\" data-element_type=\"column\">\n\t\t\t<div class=\"elementor-widget-wrap elementor-element-populated\">\n\t\t\t\t\t\t<div class=\"elementor-element elementor-element-94b6e4c elementor-widget elementor-widget-shortcode\" data-id=\"94b6e4c\" data-element_type=\"widget\" data-widget_type=\"shortcode.default\">\n\t\t\t\t<div class=\"elementor-widget-container\">\n\t\t\t\t\t<div class=\"elementor-shortcode\"> <div class=\"bootstrap-wrapper  mb-3\">\r\n\t<div class=\"container  jobbankborder p-4\">\t\r\n\t\t\t\t<form id=\"jobbank_registration\" name=\"jobbank_candidate_registration\" class=\"form-horizontal\" action=\"https:\/\/exceliam.com\/ressourceshumaines\/accueil\/?&iv-submit-listing=candidate_registration\" method=\"post\" role=\"form\"  enctype=\"multipart\/form-data\">\r\n\t\t\t\t\t\t\t\r\n\t\t\t\t<div class=\"border-bottom pb-4 mb-3 toptitle \">Candidate Info<\/div>\r\n\t\t\t\t\r\n\t\t\t\t<div class=\"row user_info\">\r\n\t\t\t\t \r\n\t\t\t\t\t<div class=\"col-md-12  \">\r\n\t\t\t\t\t\t\t\t\t\t\t\t<!--\r\n\t\t\t\t\t\t\tFor Form Validation we used plugins https:\/\/formvalidation.io\/\r\n\t\t\t\t\t\t\tThis is in line validation so you can add fields easily.\r\n\t\t\t\t\t\t-->\r\n\t\t\t\t\t\t\r\n\t\t\t\t\t\t\r\n\t\t\t\t\t\t<div class=\"form-group row\">\r\n\t\t\t\t\t\t\t<label  class=\"col-md-4 control-label\" >Type D&#039;Utilisateur<span class=\"chili\"><\/span><\/label>\r\n\t\t\t\t\t\t\t<div class=\"col-md-8\">\r\n\t\t\t\t\t\t\t<select name=\"user_type\" id =\"user_type\" class=\"form-control\">\r\n\t\t\t\t\t\t\t\t<option value=\"candidate\" >Je suis un candidat<\/option>\t\t\t\t\t\t\t\r\n\t\t\t\t\t\t\t<\/select>\t\t\t\t\t\t\t\t\r\n\t\t\t\t\t\t\t<\/div>\r\n\t\t\t\t\t\t<\/div>\r\n\t\t\t\t\t\t\r\n\t\t\t\t\t\t\r\n\t\t\t\t\t\t<div class=\"text-center\" id=\"loading\"> <\/div>\r\n\t\t\t\t\t\t<div class=\"form-group row\"  >\r\n\t\t\t\t\t\t\t<label for=\"text\" class=\"col-md-4 control-label\">Nom D&#039;Utilisateur<span class=\"chili\"><\/span><\/label>\r\n\t\t\t\t\t\t\t<div class=\"col-md-8\">\r\n\t\t\t\t\t\t\t\t<input type=\"text\"  name=\"iv_member_user_name\" id=\"iv_member_user_name\"  data-validation=\"length alphanumeric\"\r\n\t\t\t\t\t\t\t\tdata-validation-length=\"4-12\" data-validation-error-msg=\" Le nom d&#039;utilisateur doit \u00eatre une valeur alphanum\u00e9rique de 4 \u00e0 12 caract\u00e8res\" class=\"form-control ctrl-textbox\" placeholder=\"Entrez Le Nom D&#039;Utilisateur\"  alt=\"required\">\r\n\t\t\t\t\t\t\t<\/div>\r\n\t\t\t\t\t\t<\/div>\r\n\t\t\t\t\t\t\r\n\t\t\t\t\t\t<div class=\"form-group row\">\r\n\t\t\t\t\t\t\t<label for=\"email\" class=\"col-md-4 control-label\" >Adresse Email<span class=\"chili\"><\/span><\/label>\r\n\t\t\t\t\t\t\t<div class=\"col-md-8\">\r\n\t\t\t\t\t\t\t\t<input type=\"email\" name=\"iv_member_email\" id=\"iv_member_email\" data-validation=\"email\"  class=\"form-control ctrl-textbox\" placeholder=\"Entrez l&#039;adresse email\" data-validation-error-msg=\"Veuillez entrer une adresse email valide \" >\r\n\t\t\t\t\t\t\t<\/div>\r\n\t\t\t\t\t\t<\/div>\r\n\t\t\t\t\t\t\r\n\t\t\t\t\t\t<input type=\"hidden\" id=\"_wpnonce\" name=\"_wpnonce\" value=\"656560baab\" \/><input type=\"hidden\" name=\"_wp_http_referer\" value=\"\/ressourceshumaines\/wp-json\/wp\/v2\/pages\/1060\" \/>\t\t\t\t\t\t<div class=\"form-group row \">\r\n\t\t\t\t\t\t\t<label for=\"text\" class=\"col-md-4 control-label\">Mot de passe<span class=\"chili\"><\/span><\/label>\r\n\t\t\t\t\t\t\t<div class=\"col-md-8\">\r\n\t\t\t\t\t\t\t\t<input type=\"password\" name=\"iv_member_password\"  id=\"iv_member_password\" class=\"form-control ctrl-textbox\" placeholder=\"\" data-validation=\"strength\"\r\n\t\t\t\t\t\t\t\tdata-validation-strength=\"2\" data-validation-error-msg=\"Le mot de passe n&#039;est pas assez fort\">\r\n\t\t\t\t\t\t\t<\/div>\r\n\t\t\t\t\t\t<\/div>\r\n\t\t\t\t\t\t\r\n\t\t\t\t\t\t\t\r\n\t\t\t\t\t\t\t\t\t\t\t\t\t\t<div class=\"form-group row \">\r\n\t\t\t\t\t\t\t\t<label for=\"text\" class=\"col-md-4 control-label\">Image De Profil<\/label>\r\n\t\t\t\t\t\t\t\t<div class=\"col-md-8\">\r\n\t\t\t\t\t\t\t\t\t<input type=\"file\" name=\"profilepicture\"  id=\"profilepicture\" size=\"25\" class=\"form-input \" \/>\r\n\t\t\t\t\t\t\t\t<\/div>\r\n\t\t\t\t\t\t\t<\/div>\r\n\t\t\t\t\t\t\t\t\t\t\t\t\t\r\n\t\t\t\t\r\n\t\t\t\t\t\t\t\t\t\t\t\t\r\n\t\t\t\t\t\t\t\t\t\t\t\r\n\t\t\t\t\t<div class=\"row form-group\" id=\"nopaymentform\">\r\n\t\t\t\t\t\t<input type=\"hidden\" name=\"reg_error\" id=\"reg_error\" value=\"yes\">\t\t\t\t\t\t\t\t\r\n\t\t\t\t\t\t<input type=\"hidden\" name=\"return_page\" id=\"return_page\" value=\"https:\/\/exceliam.com\/ressourceshumaines\/accueil\/\">\r\n\t\t\t\t\t\t\t<div class=\"col-md-4\"> <\/div>\r\n\t\t\t\t\t\t\t<div class=\"col-md-8\">\r\n\t\t\t\t\t\t\t<div id=\"errormessage\" class=\"alert alert-danger mt-2 displaynone\" role=\"alert\"><\/div>\r\n\t\t\t\t\t\t\t\t<div id=\"paypal-button\">\r\n\t\t\t\t\t\t\t\t\t<div id=\"loading-3\" class=\"displaynone\"  ><img src='https:\/\/exceliam.com\/ressourceshumaines\/wp-content\/plugins\/jobbank\/admin\/files\/images\/loader.gif' \/><\/div>\r\n\t\t\t\t\t\t\t\t\t\t\t\t\t\t\t\t\t\t\t<button  id=\"submit_jobbank_payment\" name=\"submit_jobbank_payment\"  type=\"submit\" class=\"btn btn-secondary\"  >\t\t\t\t\t\t\t\t\t\t\t\t\r\n\t\t\t\t\t\t\t\t\t\t\tSoumettre\t\t\t\t\t\t\t\t\t\t<\/button>\r\n\t\t\t\t\t\t\t\t\t\t\t\t\t\t\t\t\t\t\r\n\t\t\t\t\t\t\t\t<\/div>\r\n\t\t\t\t\t\t\t<\/div>\r\n\t\t\t\t\t\t<\/div>\r\n\t\t\t\t\t\t\r\n\t\t\t\t\t\t<input type=\"hidden\" name=\"hidden_form_name\" id=\"hidden_form_name\" value=\"jobbank_registration\">\r\n\t\t\t\t\t<\/div>\r\n\t\t\t\t\r\n\t\t\t\t<\/div>\r\n\t\t\r\n\t\t\t<\/form>\r\n\t\t<\/div>\r\n\t<\/div>\r\n\t\t<\/div>\n\t\t\t\t<\/div>\n\t\t\t\t<\/div>\n\t\t\t\t\t<\/div>\n\t\t<\/div>\n\t\t\t\t\t<\/div>\n\t\t<\/section>\n\t\t\t\t<\/div>\n\t\t","protected":false},"excerpt":{"rendered":"<p>Vous \u00eates un candidat ?<\/p>\n","protected":false},"author":1,"featured_media":0,"parent":0,"menu_order":0,"comment_status":"closed","ping_status":"closed","template":"elementor_header_footer","meta":{"footnotes":""},"class_list":["post-1060","page","type-page","status-publish","hentry"],"_links":{"self":[{"href":"https:\/\/exceliam.com\/ressourceshumaines\/wp-json\/wp\/v2\/pages\/1060","targetHints":{"allow":["GET"]}}],"collection":[{"href":"https:\/\/exceliam.com\/ressourceshumaines\/wp-json\/wp\/v2\/pages"}],"about":[{"href":"https:\/\/exceliam.com\/ressourceshumaines\/wp-json\/wp\/v2\/types\/page"}],"author":[{"embeddable":true,"href":"https:\/\/exceliam.com\/ressourceshumaines\/wp-json\/wp\/v2\/users\/1"}],"replies":[{"embeddable":true,"href":"https:\/\/exceliam.com\/ressourceshumaines\/wp-json\/wp\/v2\/comments?post=1060"}],"version-history":[{"count":22,"href":"https:\/\/exceliam.com\/ressourceshumaines\/wp-json\/wp\/v2\/pages\/1060\/revisions"}],"predecessor-version":[{"id":1404,"href":"https:\/\/exceliam.com\/ressourceshumaines\/wp-json\/wp\/v2\/pages\/1060\/revisions\/1404"}],"wp:attachment":[{"href":"https:\/\/exceliam.com\/ressourceshumaines\/wp-json\/wp\/v2\/media?parent=1060"}],"curies":[{"name":"wp","href":"https:\/\/api.w.org\/{rel}","templated":true}]}}