{"id":483,"date":"2023-04-27T16:04:41","date_gmt":"2023-04-27T14:04:41","guid":{"rendered":"https:\/\/exceliam.com\/ressourceshumaines\/?page_id=483"},"modified":"2023-12-08T11:00:20","modified_gmt":"2023-12-08T10:00:20","slug":"conseil-rh","status":"publish","type":"page","link":"https:\/\/exceliam.com\/ressourceshumaines\/conseil-rh\/","title":{"rendered":"Conseil RH"},"content":{"rendered":"\t\t<div data-elementor-type=\"wp-page\" data-elementor-id=\"483\" class=\"elementor elementor-483\" data-elementor-post-type=\"page\">\n\t\t\t\t\t\t<section class=\"elementor-section elementor-top-section elementor-element elementor-element-a4603e1 animated-slow elementor-section-boxed elementor-section-height-default elementor-section-height-default wpr-particle-no wpr-jarallax-no wpr-parallax-no wpr-sticky-section-no elementor-invisible\" data-id=\"a4603e1\" data-element_type=\"section\" data-settings=\"{&quot;background_background&quot;:&quot;classic&quot;,&quot;animation&quot;:&quot;zoomIn&quot;,&quot;_ha_eqh_enable&quot;:false}\">\n\t\t\t\t\t\t\t<div class=\"elementor-background-overlay\"><\/div>\n\t\t\t\t\t\t\t<div class=\"elementor-container elementor-column-gap-default\">\n\t\t\t\t\t<div class=\"elementor-column elementor-col-100 elementor-top-column elementor-element elementor-element-30858a9\" data-id=\"30858a9\" data-element_type=\"column\">\n\t\t\t<div class=\"elementor-widget-wrap elementor-element-populated\">\n\t\t\t\t\t\t<div class=\"elementor-element elementor-element-485c116 elementor-widget elementor-widget-spacer\" data-id=\"485c116\" data-element_type=\"widget\" data-widget_type=\"spacer.default\">\n\t\t\t\t<div class=\"elementor-widget-container\">\n\t\t\t\t\t<div class=\"elementor-spacer\">\n\t\t\t<div class=\"elementor-spacer-inner\"><\/div>\n\t\t<\/div>\n\t\t\t\t<\/div>\n\t\t\t\t<\/div>\n\t\t\t\t<div class=\"elementor-element elementor-element-824e021 elementor-widget elementor-widget-heading\" data-id=\"824e021\" data-element_type=\"widget\" data-widget_type=\"heading.default\">\n\t\t\t\t<div class=\"elementor-widget-container\">\n\t\t\t<h2 class=\"elementor-heading-title elementor-size-default\">Conseil RH<\/h2>\t\t<\/div>\n\t\t\t\t<\/div>\n\t\t\t\t<div class=\"elementor-element elementor-element-28459fc elementor-widget elementor-widget-spacer\" data-id=\"28459fc\" data-element_type=\"widget\" data-widget_type=\"spacer.default\">\n\t\t\t\t<div class=\"elementor-widget-container\">\n\t\t\t\t\t<div class=\"elementor-spacer\">\n\t\t\t<div class=\"elementor-spacer-inner\"><\/div>\n\t\t<\/div>\n\t\t\t\t<\/div>\n\t\t\t\t<\/div>\n\t\t\t\t\t<\/div>\n\t\t<\/div>\n\t\t\t\t\t<\/div>\n\t\t<\/section>\n\t\t\t\t<section class=\"elementor-section elementor-top-section elementor-element elementor-element-5cfbf81 elementor-section-boxed elementor-section-height-default elementor-section-height-default wpr-particle-no wpr-jarallax-no wpr-parallax-no wpr-sticky-section-no\" data-id=\"5cfbf81\" data-element_type=\"section\" data-settings=\"{&quot;_ha_eqh_enable&quot;:false}\">\n\t\t\t\t\t\t<div class=\"elementor-container elementor-column-gap-default\">\n\t\t\t\t\t<div class=\"elementor-column elementor-col-100 elementor-top-column elementor-element elementor-element-d540cbe\" data-id=\"d540cbe\" data-element_type=\"column\">\n\t\t\t<div class=\"elementor-widget-wrap elementor-element-populated\">\n\t\t\t\t\t\t<div class=\"elementor-element elementor-element-d8cb84a elementor-widget elementor-widget-spacer\" data-id=\"d8cb84a\" data-element_type=\"widget\" data-widget_type=\"spacer.default\">\n\t\t\t\t<div class=\"elementor-widget-container\">\n\t\t\t\t\t<div class=\"elementor-spacer\">\n\t\t\t<div class=\"elementor-spacer-inner\"><\/div>\n\t\t<\/div>\n\t\t\t\t<\/div>\n\t\t\t\t<\/div>\n\t\t\t\t<div class=\"elementor-element elementor-element-55ddd52 elementor-widget elementor-widget-text-editor\" data-id=\"55ddd52\" data-element_type=\"widget\" data-widget_type=\"text-editor.default\">\n\t\t\t\t<div class=\"elementor-widget-container\">\n\t\t\t\t\t\t\t<p>Vous souhaitez r\u00e9aliser un diagnostic, \u00eatre accompagn\u00e9 dans la conduite d\u2019un projet ou vous mettre en conformit\u00e9 juridique dans le domaine des ressources humaines ?<br \/>Exceliam est \u00e0 vos c\u00f4t\u00e9s.<br \/>Notre connaissance approfondie des organisations et notre expertise nous permettent d\u2019analyser vos probl\u00e9matiques avec discernement et r\u00e9activit\u00e9, et de vous proposer ainsi un conseil personnalis\u00e9.<br \/>Nous vous accompagnons de mani\u00e8re op\u00e9rationnelle et strat\u00e9gique sur des missions telles que :<\/p><ul><li>Politique RH \u2013 strat\u00e9gie<\/li><li>Accompagnement au changement<\/li><li>Conseil en droit du travail<\/li><li>Audit social \u2013 organisationnel<\/li><li>D\u00e9veloppement RH \u2013 \u00a0GPEC<\/li><li>Qualit\u00e9 de vie au travail<\/li><li>Dialogue social<\/li><\/ul>\t\t\t\t\t\t<\/div>\n\t\t\t\t<\/div>\n\t\t\t\t<div class=\"elementor-element elementor-element-4dad640 elementor-widget elementor-widget-spacer\" data-id=\"4dad640\" data-element_type=\"widget\" data-widget_type=\"spacer.default\">\n\t\t\t\t<div class=\"elementor-widget-container\">\n\t\t\t\t\t<div class=\"elementor-spacer\">\n\t\t\t<div class=\"elementor-spacer-inner\"><\/div>\n\t\t<\/div>\n\t\t\t\t<\/div>\n\t\t\t\t<\/div>\n\t\t\t\t\t<\/div>\n\t\t<\/div>\n\t\t\t\t\t<\/div>\n\t\t<\/section>\n\t\t\t\t<section class=\"elementor-section elementor-top-section elementor-element elementor-element-0de1f44 elementor-section-height-min-height animated-slow elementor-section-boxed elementor-section-height-default elementor-section-items-middle wpr-particle-no wpr-jarallax-no wpr-parallax-no wpr-sticky-section-no elementor-invisible\" data-id=\"0de1f44\" data-element_type=\"section\" data-settings=\"{&quot;background_background&quot;:&quot;classic&quot;,&quot;animation&quot;:&quot;zoomIn&quot;,&quot;shape_divider_top&quot;:&quot;multi-wave&quot;,&quot;_ha_eqh_enable&quot;:false}\">\n\t\t\t\t\t<div class=\"elementor-shape elementor-shape-top\" data-negative=\"false\">\n\t\t\t<svg xmlns=\"http:\/\/www.w3.org\/2000\/svg\" viewBox=\"0 0 4080 400\" preserveAspectRatio=\"none\">\r\n<path class=\"elementor-shape-fill ha-shape-divider\" opacity=\"0.2\" enable-background=\"new    \" d=\"M4080,79.3V0L1179.4,0v79.3c0,0,694.9,437.4,1471.3,275.6\r\n\tS3575.7-152.5,4080,79.3z\"\/>\r\n<path class=\"elementor-shape-fill ha-shape-divider\" opacity=\"0.2\" enable-background=\"new    \" d=\"M2249,79.3V0L0,0l0,79.3c0,0,43.3,437.4,819.8,275.6S1744.7-152.5,2249,79.3z\"\/>\r\n<path class=\"elementor-shape-fill ha-shape-divider\" opacity=\"0.2\" enable-background=\"new    \" d=\"M2631.6,49.8c0,0-596.3,547.3-1468.8,230.2S0,95.6,0,95.6L0,0l2631.6,0V49.8z\"\/>\r\n<path class=\"elementor-shape-fill ha-shape-divider\" opacity=\"0.2\" enable-background=\"new    \" d=\"M4080,95.6c0,0-428.4,501.5-1208.9,184.4S1831,95.6,1831,95.6V0l2249,0V95.6z\"\/>\r\n<path class=\"elementor-shape-fill ha-shape-divider\" d=\"M4080,0v192.6c-392.4,177-703.2,95.6-1075-34.1c-214.6-74.8-508-126-839.1,6.1c-149.2,59.5-447.2,203.4-1026.2,10.8\r\n\tC313.2-99.5,0,95.6,0,95.6L0,0l2249,0L4080,0z\"\/>\r\n<\/svg>\r\n\t\t<\/div>\n\t\t\t\t\t<div class=\"elementor-container elementor-column-gap-default\">\n\t\t\t\t\t<div class=\"elementor-column elementor-col-100 elementor-top-column elementor-element elementor-element-80e93e3\" data-id=\"80e93e3\" data-element_type=\"column\">\n\t\t\t<div class=\"elementor-widget-wrap elementor-element-populated\">\n\t\t\t\t\t\t<div class=\"elementor-element elementor-element-19252ca elementor-widget elementor-widget-spacer\" data-id=\"19252ca\" data-element_type=\"widget\" data-widget_type=\"spacer.default\">\n\t\t\t\t<div class=\"elementor-widget-container\">\n\t\t\t\t\t<div class=\"elementor-spacer\">\n\t\t\t<div class=\"elementor-spacer-inner\"><\/div>\n\t\t<\/div>\n\t\t\t\t<\/div>\n\t\t\t\t<\/div>\n\t\t\t\t<div class=\"elementor-element elementor-element-6cbd7dc elementor-widget elementor-widget-heading\" data-id=\"6cbd7dc\" data-element_type=\"widget\" data-widget_type=\"heading.default\">\n\t\t\t\t<div class=\"elementor-widget-container\">\n\t\t\t<h2 class=\"elementor-heading-title elementor-size-default\">Quelle que soit votre taille d\u2019entreprise, EXCELIAM vous accompagne dans vos projets de recrutement<\/h2>\t\t<\/div>\n\t\t\t\t<\/div>\n\t\t\t\t<div class=\"elementor-element elementor-element-dd48e46 elementor-align-center animated-slow elementor-invisible elementor-widget elementor-widget-button\" data-id=\"dd48e46\" data-element_type=\"widget\" data-settings=\"{&quot;_animation&quot;:&quot;zoomInUp&quot;}\" data-widget_type=\"button.default\">\n\t\t\t\t<div class=\"elementor-widget-container\">\n\t\t\t\t\t<div class=\"elementor-button-wrapper\">\n\t\t\t<a class=\"elementor-button elementor-button-link elementor-size-sm\" href=\"#elementor-action%3Aaction%3Dpopup%3Aopen%26settings%3DeyJpZCI6IjYxMiIsInRvZ2dsZSI6ZmFsc2V9\">\n\t\t\t\t\t\t<span class=\"elementor-button-content-wrapper\">\n\t\t\t\t\t\t<span class=\"elementor-button-icon\">\n\t\t\t\t<i aria-hidden=\"true\" class=\"fas fa-arrow-right\"><\/i>\t\t\t<\/span>\n\t\t\t\t\t\t\t\t\t<span class=\"elementor-button-text\">Contactez-nous<\/span>\n\t\t\t\t\t<\/span>\n\t\t\t\t\t<\/a>\n\t\t<\/div>\n\t\t\t\t<\/div>\n\t\t\t\t<\/div>\n\t\t\t\t\t<\/div>\n\t\t<\/div>\n\t\t\t\t\t<\/div>\n\t\t<\/section>\n\t\t\t\t<\/div>\n\t\t","protected":false},"excerpt":{"rendered":"<p>Conseil RH Vous souhaitez r\u00e9aliser un diagnostic, \u00eatre accompagn\u00e9 dans la conduite d\u2019un projet ou vous mettre en conformit\u00e9 juridique dans le domaine des ressources humaines ?Exceliam est \u00e0 vos c\u00f4t\u00e9s.Notre connaissance approfondie des organisations et notre expertise nous permettent d\u2019analyser vos probl\u00e9matiques avec discernement et r\u00e9activit\u00e9, et de vous proposer ainsi un conseil personnalis\u00e9.Nous vous accompagnons de mani\u00e8re op\u00e9rationnelle et strat\u00e9gique sur des missions telles que : Politique RH \u2013 strat\u00e9gie Accompagnement au changement Conseil en droit du travail Audit social \u2013 organisationnel D\u00e9veloppement RH \u2013 \u00a0GPEC Qualit\u00e9 de vie au travail Dialogue social Quelle que soit votre taille d\u2019entreprise, EXCELIAM vous accompagne dans vos projets de recrutement Contactez-nous<\/p>\n","protected":false},"author":1,"featured_media":0,"parent":0,"menu_order":0,"comment_status":"closed","ping_status":"closed","template":"elementor_header_footer","meta":{"footnotes":""},"class_list":["post-483","page","type-page","status-publish","hentry"],"_links":{"self":[{"href":"https:\/\/exceliam.com\/ressourceshumaines\/wp-json\/wp\/v2\/pages\/483","targetHints":{"allow":["GET"]}}],"collection":[{"href":"https:\/\/exceliam.com\/ressourceshumaines\/wp-json\/wp\/v2\/pages"}],"about":[{"href":"https:\/\/exceliam.com\/ressourceshumaines\/wp-json\/wp\/v2\/types\/page"}],"author":[{"embeddable":true,"href":"https:\/\/exceliam.com\/ressourceshumaines\/wp-json\/wp\/v2\/users\/1"}],"replies":[{"embeddable":true,"href":"https:\/\/exceliam.com\/ressourceshumaines\/wp-json\/wp\/v2\/comments?post=483"}],"version-history":[{"count":19,"href":"https:\/\/exceliam.com\/ressourceshumaines\/wp-json\/wp\/v2\/pages\/483\/revisions"}],"predecessor-version":[{"id":2125,"href":"https:\/\/exceliam.com\/ressourceshumaines\/wp-json\/wp\/v2\/pages\/483\/revisions\/2125"}],"wp:attachment":[{"href":"https:\/\/exceliam.com\/ressourceshumaines\/wp-json\/wp\/v2\/media?parent=483"}],"curies":[{"name":"wp","href":"https:\/\/api.w.org\/{rel}","templated":true}]}}